{"id":40,"date":"2020-12-28T15:55:54","date_gmt":"2020-12-28T14:55:54","guid":{"rendered":"http:\/\/wh.friburgerwaldhexe.de\/?page_id=40"},"modified":"2020-12-29T09:44:35","modified_gmt":"2020-12-29T08:44:35","slug":"impressum","status":"publish","type":"page","link":"https:\/\/wh.friburgerwaldhexe.de\/?page_id=40","title":{"rendered":"Impressum und gesetzliche Angaben"},"content":{"rendered":"\n<p><strong>Anbieterkennzeichnung laut Telemediengesetz (TMG):<\/strong><br><strong>Angaben zum Unternehmen:<\/strong><\/p>\n\n\n\n<p>Inhaber der Seite:  <\/p>\n\n\n\n<p><strong>Friburger Waldhexe 1990 e.V. <\/strong><br>vertreten durch den 1. Zunftvogt Tobias Bleile<br>E-Mail: info@friburger-waldhexe.de<\/p>\n\n\n\n<p>Eingetragen im Vereinsregister Freiburg<\/p>\n\n\n\n<p>Internet: www.friburger-waldhexe.de<\/p>\n\n\n\n<p>Verantwortlich gem\u00e4\u00df \u00a718 MStV:<\/p>\n\n\n\n<p>1. Zunftvogt Tobias Bleile <br>Escholzstrasse <br>79115 Freiburg<\/p>\n\n\n\n<p><strong><br>Haftungshinweise:<\/strong><\/p>\n\n\n\n<p>Trotz sorgf\u00e4ltiger inhaltlicher Kontrolle \u00fcbernehmen wir keine Haftung f\u00fcr die Inhalte externer Links. F\u00fcr den Inhalt der verlinkten Seiten sind ausschlie\u00dflich deren Betreiber verantwortlich. Wir bitten auch den \u201cDisclaimer\u201d in seiner aktuellen Fassung zu beachten.<br><strong><br>Weitere Informationen:<\/strong><\/p>\n\n\n\n<p>Diese Webseite ist urheberrechtlich von den Friburger Waldhexen 1900 e.V. gesch\u00fctzt, sowie geistiges Eigentum dessen. Eine Zuwiderhandlung wird rechtlich verfolgt! Alle genannten Marken und Logos sind Marken der entsprechenden Eigent\u00fcmer. Eine Haftung f\u00fcr die Inanspruchnahme der Webseite oder dessen Nichtverf\u00fcgbarkeit wird nicht \u00fcbernommen.<br>Des weiteren sind die Fotos durch ihre Fotografen urheberrechtlich gesch\u00fctzt! Eine Zuwiderhandlung wird rechtlich verfolgt! Wir bitten dies zu respektieren und bei Bedarf der Originaldaten mit uns in Kontakt zu treten und uns zu informieren.<br><strong><br>Technische Hinweise:<\/strong><\/p>\n\n\n\n<p>Wir setzen das OpenSource System WordPress f\u00fcr die Administrierung unserer Webseite ein, ein modernes Blog- bzw. CMS-System zur Bew\u00e4ltigung von h\u00f6heren und flexiblen Anspr\u00fcchen.<br>Diese Webseite entspricht den Anforderungen des semantischen Webs (behindertengerecht) und ist CSS bzw. XHTML validier.<\/p>\n\n\n\n<p>Die Europ\u00e4ische Kommission stellt eine Plattform zur Online-Streitbeilegung (OS) bereit, die Sie hier finden&nbsp;<a rel=\"noreferrer noopener\" href=\"https:\/\/ec.europa.eu\/consumers\/odr\/\" target=\"_blank\">https:\/\/ec.europa.eu\/consumers\/odr\/<\/a>. Zur Teilnahme an einem Streitbeilegungsverfahren vor einer Verbraucherschlichtungsstelle sind wir nicht verpflichtet und nicht bereit.<\/p>\n","protected":false},"excerpt":{"rendered":"<p>Anbieterkennzeichnung laut Telemediengesetz (TMG):Angaben zum Unternehmen: Inhaber der Seite: Friburger Waldhexe 1990 e.V. vertreten durch den 1. Zunftvogt Tobias BleileE-Mail: info@friburger-waldhexe.de Eingetragen im Vereinsregister Freiburg Internet: www.friburger-waldhexe.de Verantwortlich gem\u00e4\u00df \u00a718 MStV: 1. Zunftvogt Tobias Bleile Escholzstrasse 79115 Freiburg Haftungshinweise: Trotz sorgf\u00e4ltiger inhaltlicher Kontrolle \u00fcbernehmen wir keine Haftung f\u00fcr die Inhalte externer Links. F\u00fcr den Inhalt &hellip; <a href=\"https:\/\/wh.friburgerwaldhexe.de\/?page_id=40\" class=\"more-link\"><span class=\"screen-reader-text\">Impressum und gesetzliche Angaben<\/span> weiterlesen <span class=\"meta-nav\">&rarr;<\/span><\/a><\/p>\n","protected":false},"author":1,"featured_media":0,"parent":0,"menu_order":0,"comment_status":"closed","ping_status":"closed","template":"","meta":{"footnotes":""},"_links":{"self":[{"href":"https:\/\/wh.friburgerwaldhexe.de\/index.php?rest_route=\/wp\/v2\/pages\/40"}],"collection":[{"href":"https:\/\/wh.friburgerwaldhexe.de\/index.php?rest_route=\/wp\/v2\/pages"}],"about":[{"href":"https:\/\/wh.friburgerwaldhexe.de\/index.php?rest_route=\/wp\/v2\/types\/page"}],"author":[{"embeddable":true,"href":"https:\/\/wh.friburgerwaldhexe.de\/index.php?rest_route=\/wp\/v2\/users\/1"}],"replies":[{"embeddable":true,"href":"https:\/\/wh.friburgerwaldhexe.de\/index.php?rest_route=%2Fwp%2Fv2%2Fcomments&post=40"}],"version-history":[{"count":6,"href":"https:\/\/wh.friburgerwaldhexe.de\/index.php?rest_route=\/wp\/v2\/pages\/40\/revisions"}],"predecessor-version":[{"id":77,"href":"https:\/\/wh.friburgerwaldhexe.de\/index.php?rest_route=\/wp\/v2\/pages\/40\/revisions\/77"}],"wp:attachment":[{"href":"https:\/\/wh.friburgerwaldhexe.de\/index.php?rest_route=%2Fwp%2Fv2%2Fmedia&parent=40"}],"curies":[{"name":"wp","href":"https:\/\/api.w.org\/{rel}","templated":true}]}}